{"id":10,"date":"2025-02-23T10:08:01","date_gmt":"2025-02-23T13:08:01","guid":{"rendered":"https:\/\/rodrigodalpivazezakadv.com.br\/?page_id=10"},"modified":"2026-03-23T08:38:42","modified_gmt":"2026-03-23T11:38:42","slug":"sobre","status":"publish","type":"page","link":"https:\/\/rodrigodalpivazezakadv.com.br\/index.php\/sobre\/","title":{"rendered":"O Escrit\u00f3rio"},"content":{"rendered":"\t\t<div data-elementor-type=\"wp-page\" data-elementor-id=\"10\" class=\"elementor elementor-10\">\n\t\t\t\t<div class=\"aux-parallax-section elementor-element elementor-element-1481abc e-con-full e-flex e-con e-parent\" data-id=\"1481abc\" data-element_type=\"container\" data-e-type=\"container\" data-settings=\"{&quot;background_background&quot;:&quot;classic&quot;,&quot;shape_divider_bottom&quot;:&quot;curve-asymmetrical&quot;,&quot;shape_divider_bottom_negative&quot;:&quot;yes&quot;}\">\n\t\t\t\t<div class=\"elementor-shape elementor-shape-bottom\" aria-hidden=\"true\" data-negative=\"true\">\n\t\t\t<svg xmlns=\"http:\/\/www.w3.org\/2000\/svg\" viewBox=\"0 0 1000 100\" preserveAspectRatio=\"none\">\n\t<path class=\"elementor-shape-fill\" d=\"M615.2,96.7C240.2,97.8,0,18.9,0,0v100h1000V0C1000,19.2,989.8,96,615.2,96.7z\"\/>\n<\/svg>\t\t<\/div>\n\t\t<div class=\"elementor-element elementor-element-0932234 e-con-full e-flex e-con e-child\" data-id=\"0932234\" data-element_type=\"container\" data-e-type=\"container\">\n\t\t\t\t<div class=\"elementor-element elementor-element-2f3f486 aux-appear-watch-animation aux-slide-from-bot elementor-widget elementor-widget-aux_modern_heading\" data-id=\"2f3f486\" data-element_type=\"widget\" data-e-type=\"widget\" data-widget_type=\"aux_modern_heading.default\">\n\t\t\t\t<div class=\"elementor-widget-container\">\n\t\t\t\t\t<section class=\"aux-widget-modern-heading\">\n            <div class=\"aux-widget-inner\"><p class=\"aux-modern-heading-primary\">O Escrit\u00f3rio<\/p><div class=\"aux-modern-heading-divider\"><\/div><\/div>\n        <\/section>\t\t\t\t<\/div>\n\t\t\t\t<\/div>\n\t\t\t\t<\/div>\n\t\t\t\t<\/div>\n\t\t<div class=\"aux-parallax-section elementor-element elementor-element-0a94939 e-con-full e-flex e-con e-parent\" data-id=\"0a94939\" data-element_type=\"container\" data-e-type=\"container\">\n\t\t<div class=\"elementor-element elementor-element-baf506e e-con-full e-flex e-con e-child\" data-id=\"baf506e\" data-element_type=\"container\" data-e-type=\"container\">\n\t\t<div class=\"elementor-element elementor-element-71c03d6 e-con-full e-flex e-con e-child\" data-id=\"71c03d6\" data-element_type=\"container\" data-e-type=\"container\">\n\t\t\t\t<div class=\"elementor-element elementor-element-ac9717e aux-appear-watch-animation aux-scale-down elementor-widget elementor-widget-aux_image\" data-id=\"ac9717e\" data-element_type=\"widget\" data-e-type=\"widget\" data-widget_type=\"aux_image.default\">\n\t\t\t\t<div class=\"elementor-widget-container\">\n\t\t\t\t\t<section class=\"widget-container aux-widget-image aux-alignnone aux-parent-au0ecd465f\">\n    <div class=\"aux-media-hint-frame \">\n        <div class=\"aux-media-image \" >\n        \n            \n\n            \n            <img fetchpriority=\"high\" decoding=\"async\" width=\"1280\" height=\"1600\" src=\"data:image\/gif;base64,R0lGODlhAQABAIAAAAAAAP\/\/\/yH5BAEAAAAALAAAAAABAAEAAAIBRAA7\" class=\"aux-attachment aux-featured-image aux-attachment-id-647 aux-preload aux-blank\" alt=\"867d5ea5-7860-4acd-a3b9-fc13de37b7c1\" data-ratio=\"0.8\" data-original-w=\"1280\" data-src=\"https:\/\/rodrigodalpivazezakadv.com.br\/wp-content\/uploads\/2026\/03\/867d5ea5-7860-4acd-a3b9-fc13de37b7c1.jpg\" \/>            \n                <\/div>\n    <\/div>\n\n<\/section><!-- widget-container -->\t\t\t\t<\/div>\n\t\t\t\t<\/div>\n\t\t\t\t<\/div>\n\t\t<div class=\"elementor-element elementor-element-2265982 e-con-full e-flex e-con e-child\" data-id=\"2265982\" data-element_type=\"container\" data-e-type=\"container\">\n\t\t\t\t<div class=\"elementor-element elementor-element-d95fa8b aux-appear-watch-animation aux-fade-in-up-1 elementor-widget elementor-widget-aux_modern_heading\" data-id=\"d95fa8b\" data-element_type=\"widget\" data-e-type=\"widget\" data-widget_type=\"aux_modern_heading.default\">\n\t\t\t\t<div class=\"elementor-widget-container\">\n\t\t\t\t\t<section class=\"aux-widget-modern-heading\">\n            <div class=\"aux-widget-inner\"><p class=\"aux-modern-heading-primary\"><\/p><h4 class=\"aux-modern-heading-secondary\"><span class=\"aux-head-before\">Sobre o Escrit\u00f3rio<\/span><\/h4><div class=\"aux-modern-heading-divider\"><\/div><div class=\"aux-modern-heading-description\"><p>O Escrit\u00f3rio Dr. Rodrigo Dal Piva Zezak e Advogados nasceu no interior de Santa Catarina com um prop\u00f3sito claro:<\/p><ul><li>Ajudar pessoas e empresas a resolverem seus problemas jur\u00eddicos com seguran\u00e7a, honestidade e proximidade.<\/li><\/ul><p>Em poucos anos, o que era um pequeno escrit\u00f3rio em Guatambu (SC) se transformou em uma estrutura s\u00f3lida:<\/p><p>Com atendimentos em SC e SP, em todo o Brasil e tamb\u00e9m em demandas internacionais.<\/p><p>S\u00e3o mais de 10.000 atendimentos e 3.000 encaminhamentos, construindo um hist\u00f3rico de experi\u00eancia e confian\u00e7a.<\/p><p>Dr. Rodrigo desenvolveu um Ecosistema Jur\u00eddico Inovador, no formato 3 em 1, o \u00fanico no Brasil, que permite ao cliente se conectar de forma clara e objetiva com a solu\u00e7\u00e3o.<\/p><p>O <strong>Escrit\u00f3rio Dr. Rodrigo Dal Piva Zezak e Advogados<\/strong>\u00a0 nasceu no interior de Santa Catarina com um prop\u00f3sito claro:<\/p><p>&gt; Ajudar pessoas e empresas a resolverem seus problemas jur\u00eddicos com seguran\u00e7a, honestidade e proximidade.<\/p><p>&gt; Em poucos anos, o que era um pequeno escrit\u00f3rio em Guatambu (SC) se transformou em uma estrutura s\u00f3lida:<\/p><p>Com <strong>atendimentos em SC e SP<\/strong>,<\/p><p>Em todo o Brasil e tamb\u00e9m em demandas internacionais.<\/p><p>S\u00e3o mais de 10.000 atendimentos e 3.000 encaminhamentos, construindo um hist\u00f3rico de experi\u00eancia e confian\u00e7a.<\/p><p>Dr. Rodrigo desenvolveu um Ecosistema Jur\u00eddico Inovador, no formato 3 em 1, o \u00fanico no Brasil, que permite ao cliente se conectar de forma clara e objetiva com a solu\u00e7\u00e3o.<\/p><p><strong>Nossa forma de trabalhar \u00e9 diferente:\u00a0 <\/strong>\u00a0Atendimento <strong>humanizado<\/strong> e pr\u00f3ximo, explica\u00e7\u00f5es claras, sem \u201cjuridiqu\u00eas\u201d<\/p><\/div><\/div>\n        <\/section>\t\t\t\t<\/div>\n\t\t\t\t<\/div>\n\t\t\t\t<div class=\"elementor-element elementor-element-018b251 elementor-widget__width-auto elementor-widget elementor-widget-aux_modern_button\" data-id=\"018b251\" data-element_type=\"widget\" data-e-type=\"widget\" data-widget_type=\"aux_modern_button.default\">\n\t\t\t\t<div class=\"elementor-widget-container\">\n\t\t\t\t\t    <div class=\"aux-modern-button-wrapper aux-modern-button-align-left\" >\n                    <a class=\"aux-modern-button aux-black aux-modern-button-md aux-modern-button-normal aux-modern-button-default aux-icon-\" href=\"https:\/\/api.whatsapp.com\/send?phone=5549999645555&#038;text=Ol%C3%A1!%20Vim%20pelo%20site%20do%20escrit%C3%B3rio.\">\n                <div class=\"aux-overlay\"><\/div>\n                                    <div class=\"aux-icon \">\n                                            <\/div>\n                                <div class=\"aux-text\">\n<span class=\"aux-text-before\">Saiba mais<\/span>                <\/div>\n            <\/a>\n            \n    <\/div>\n\n    \t\t\t\t<\/div>\n\t\t\t\t<\/div>\n\t\t\t\t<\/div>\n\t\t\t\t<\/div>\n\t\t\t\t<\/div>\n\t\t\t\t<\/div>\n\t\t","protected":false},"excerpt":{"rendered":"<p>O Escrit\u00f3rio Sobre o Escrit\u00f3rio O Escrit\u00f3rio Dr. Rodrigo Dal Piva Zezak e Advogados nasceu no interior de Santa Catarina com um prop\u00f3sito claro: Ajudar pessoas e empresas a resolverem seus problemas jur\u00eddicos com seguran\u00e7a, honestidade e proximidade. Em poucos anos, o que era um pequeno escrit\u00f3rio em Guatambu (SC) se transformou em uma estrutura [&hellip;]<\/p>\n","protected":false},"author":1,"featured_media":0,"parent":0,"menu_order":0,"comment_status":"closed","ping_status":"closed","template":"","meta":{"footnotes":""},"class_list":["post-10","page","type-page","status-publish","hentry"],"_links":{"self":[{"href":"https:\/\/rodrigodalpivazezakadv.com.br\/index.php\/wp-json\/wp\/v2\/pages\/10","targetHints":{"allow":["GET"]}}],"collection":[{"href":"https:\/\/rodrigodalpivazezakadv.com.br\/index.php\/wp-json\/wp\/v2\/pages"}],"about":[{"href":"https:\/\/rodrigodalpivazezakadv.com.br\/index.php\/wp-json\/wp\/v2\/types\/page"}],"author":[{"embeddable":true,"href":"https:\/\/rodrigodalpivazezakadv.com.br\/index.php\/wp-json\/wp\/v2\/users\/1"}],"replies":[{"embeddable":true,"href":"https:\/\/rodrigodalpivazezakadv.com.br\/index.php\/wp-json\/wp\/v2\/comments?post=10"}],"version-history":[{"count":32,"href":"https:\/\/rodrigodalpivazezakadv.com.br\/index.php\/wp-json\/wp\/v2\/pages\/10\/revisions"}],"predecessor-version":[{"id":755,"href":"https:\/\/rodrigodalpivazezakadv.com.br\/index.php\/wp-json\/wp\/v2\/pages\/10\/revisions\/755"}],"wp:attachment":[{"href":"https:\/\/rodrigodalpivazezakadv.com.br\/index.php\/wp-json\/wp\/v2\/media?parent=10"}],"curies":[{"name":"wp","href":"https:\/\/api.w.org\/{rel}","templated":true}]}}